{"id":63,"date":"2022-03-15T15:42:45","date_gmt":"2022-03-15T15:42:45","guid":{"rendered":"http:\/\/esabilgisayar.com.tr\/?page_id=63"},"modified":"2024-11-04T01:28:52","modified_gmt":"2024-11-03T22:28:52","slug":"hakkimizda","status":"publish","type":"page","link":"http:\/\/esabilgisayar.com.tr\/index.php\/hakkimizda\/","title":{"rendered":"Hakk\u0131m\u0131zda"},"content":{"rendered":"\n<p>Esa Bilgisayar 1993 y\u0131l\u0131ndan beri bili\u015fim sekt\u00f6r\u00fcnde faaliyet g\u00f6steren bir firmad\u0131r. Firmam\u0131z TSE Belgeli olarak Asus, Lenovo, Acer, MSI, Benq, Logitech, Wacom, Maxell, Ladox marka \u00fcr\u00fcnlerin yetkili teknik servisli\u011fini yapmaktad\u0131r. <\/p>\n\n\n\n<p>Yetkili kurumlara \u00f6zel yaz\u0131l\u0131mlar, donan\u0131m ve yaz\u0131l\u0131m temini, t\u00fcm bilgisayar a\u011f\u0131 kurulum, y\u00f6netim ve bak\u0131m\u0131 ile IT personeli sa\u011flayarak kurumsal m\u00fc\u015fterilerin bili\u015fim alan\u0131ndaki t\u00fcm ihtiya\u00e7lar\u0131n\u0131 en d\u00fc\u015f\u00fck maliyet ile en kaliteli \u015fekilde sa\u011flamalar\u0131n\u0131 hedefleyen \u015firketimiz 1993 y\u0131l\u0131ndan itibaren kurumsal m\u00fc\u015fterilerin yan\u0131 s\u0131ra perakende olarak da siz de\u011ferli m\u00fc\u015fterilerimize hizmet vermektedir. <\/p>\n\n\n\n<p>Esa Bilgisayar 2008 Y\u0131l\u0131ndan itibaren Kamu sekt\u00f6r\u00fcnde Kent G\u00fcvenlik Sistemleri, Kolluk Kuvvetleri, Askeri ve Sivil Havaliman\u0131 alan\u0131nda, T\u00fcrkiyede 60 dan fazla G\u00fcvenlik projelerinde yer alm\u0131\u015ft\u0131r; Esa Bilgisayar kendi markas\u0131 olan Esa Haz\u0131r PC &#8216;lerde tamamen birbiri ile uyumlu ve kaliteli par\u00e7alardan olu\u015fan ve geni\u015f bir konfig\u00fcrasyon \u00e7e\u015fiti ile \u00f6ne \u00e7\u0131kan bilgisayarlar\u0131 sizin i\u00e7in olu\u015fturmaktad\u0131r. 1993 y\u0131l\u0131ndan itibaren Esa Bilgisayar yakla\u015f\u0131k 23 senelik profesyonellik, bilgi, tecr\u00fcbe ve g\u00fcvenilirli\u011fini Esashop ile birle\u015fip sizlere sunmaya karar vermi\u015ftir.<\/p>\n\n\n\n<p>&#8220;Sizin Mutlululu\u011funuz Bizim Ba\u015far\u0131m\u0131zd\u0131r&#8221; <\/p>\n\n\n\n<p>Keyifli Al\u0131\u015fveri\u015fler Dileriz<\/p>\n\n\n\n<p>Esa Bilgisayar M\u00fc\u015fteri Hizmetleri<\/p>\n\n\n\n<p><\/p>\n\n\n\n<p><strong>HEDEFLER\u0130M\u0130Z<\/strong><\/p>\n\n\n\n<p>De\u011fi\u015fen ve geli\u015fen i\u015f d\u00fcnyas\u0131nda \u00fcretkenli\u011fi, dinamizmi, kaliteyi, \u00f6zg\u00fcn fikirleri, pozitif bak\u0131\u015f a\u00e7\u0131s\u0131n\u0131 \u00f6n planda tutarak, m\u00fc\u015fterilerimiz ile uzun vadeli bir i\u015fbirli\u011fi i\u00e7erisinde \u00e7al\u0131\u015fmak, en uygun ve en iyi \u00e7\u00f6z\u00fcmleri sunarak yerli ve yabanc\u0131 sekt\u00f6rlere yeni, g\u00fc\u00e7l\u00fc imajlar ve markalar yaratarak kal\u0131c\u0131 \u00fcst\u00fcnl\u00fckler sa\u011flamak.<\/p>\n\n\n\n<h3 class=\"wp-block-heading\">Vizyon-Misyon<\/h3>\n\n\n\n<p>Bilgi Teknolojileri (BT) sekt\u00f6r\u00fcnde faaliyet g\u00f6steren bir firma olarak hedeflerimizi, her anlamda s\u00fcrekli b\u00fcy\u00fcmek ve yenilenmek \u00fczerine in\u015faa ediyoruz. Kurumsal misyonumuzu ve vizyonumuzu bu hedeflere paralel olarak \u015fu \u015fekilde yap\u0131land\u0131rd\u0131k;<\/p>\n\n\n\n<p>Misyonumuz<\/p>\n\n\n\n<p>Teknolojik yeniliklere kolay uyum sa\u011flayabilen esnek bir \u00e7al\u0131\u015fma yap\u0131s\u0131 kurarak, kaynaklar\u0131n etkin ve verimli kullan\u0131lmas\u0131n\u0131 sa\u011flamak, daima ihtiya\u00e7lara uygun \u00e7\u00f6z\u00fcmler geli\u015ftirip bu hizmetleri kesintisiz ve g\u00fcvenilir bir ortamda m\u00fc\u015fterilerimize sunmaktad\u0131r.<\/p>\n\n\n\n<p>Vizyonumuz<\/p>\n\n\n\n<p>Bilgi teknolojileri konusundaki yetenek ve tecr\u00fcbemizi, tasar\u0131m g\u00fcc\u00fc ve i\u015flevsellik anlay\u0131\u015f\u0131m\u0131zla birle\u015ftirerek, k\u0131sa s\u00fcrede kaliteli \u00e7\u00f6z\u00fcmler sunmak ve m\u00fc\u015fterilerimizin ama\u00e7lar\u0131 do\u011frultusunda y\u00fcr\u00fctt\u00fc\u011f\u00fcm\u00fcz projeleri ba\u015far\u0131ya ula\u015ft\u0131rmakt\u0131r.<\/p>\n","protected":false},"excerpt":{"rendered":"<p>Esa Bilgisayar 1993 y\u0131l\u0131ndan beri bili\u015fim sekt\u00f6r\u00fcnde faaliyet g\u00f6steren bir firmad\u0131r. Firmam\u0131z TSE Belgeli olarak Asus, Lenovo, Acer, MSI, Benq, Logitech, Wacom, Maxell, Ladox marka \u00fcr\u00fcnlerin yetkili teknik servisli\u011fini yapmaktad\u0131r. Yetkili kurumlara \u00f6zel yaz\u0131l\u0131mlar, donan\u0131m ve yaz\u0131l\u0131m temini, t\u00fcm bilgisayar a\u011f\u0131 kurulum, y\u00f6netim ve bak\u0131m\u0131 ile IT personeli sa\u011flayarak kurumsal m\u00fc\u015fterilerin bili\u015fim alan\u0131ndaki t\u00fcm ihtiya\u00e7lar\u0131n\u0131 [&hellip;]<\/p>\n","protected":false},"author":1,"featured_media":0,"parent":0,"menu_order":0,"comment_status":"open","ping_status":"closed","template":"","meta":{"footnotes":""},"class_list":["post-63","page","type-page","status-publish","hentry"],"_links":{"self":[{"href":"http:\/\/esabilgisayar.com.tr\/index.php\/wp-json\/wp\/v2\/pages\/63","targetHints":{"allow":["GET"]}}],"collection":[{"href":"http:\/\/esabilgisayar.com.tr\/index.php\/wp-json\/wp\/v2\/pages"}],"about":[{"href":"http:\/\/esabilgisayar.com.tr\/index.php\/wp-json\/wp\/v2\/types\/page"}],"author":[{"embeddable":true,"href":"http:\/\/esabilgisayar.com.tr\/index.php\/wp-json\/wp\/v2\/users\/1"}],"replies":[{"embeddable":true,"href":"http:\/\/esabilgisayar.com.tr\/index.php\/wp-json\/wp\/v2\/comments?post=63"}],"version-history":[{"count":0,"href":"http:\/\/esabilgisayar.com.tr\/index.php\/wp-json\/wp\/v2\/pages\/63\/revisions"}],"wp:attachment":[{"href":"http:\/\/esabilgisayar.com.tr\/index.php\/wp-json\/wp\/v2\/media?parent=63"}],"curies":[{"name":"wp","href":"https:\/\/api.w.org\/{rel}","templated":true}]}}