{"id":381,"date":"2024-11-04T21:04:39","date_gmt":"2024-11-04T18:04:39","guid":{"rendered":"http:\/\/esabilgisayar.com.tr\/?page_id=381"},"modified":"2024-11-15T23:55:04","modified_gmt":"2024-11-15T20:55:04","slug":"insan-kaynaklari","status":"publish","type":"page","link":"http:\/\/esabilgisayar.com.tr\/index.php\/insan-kaynaklari\/","title":{"rendered":"\u0130nsan Kaynaklar\u0131"},"content":{"rendered":"\n<h2 class=\"wp-block-heading has-colibri-color-1-color has-text-color has-link-color has-x-large-font-size wp-elements-8b825d61e6eecd78a1651c5fc838ebd4\">\u0130nsan Kaynaklar\u0131<\/h2>\n\n\n\n<p>Sahip oldu\u011fumuz kurumsal de\u011ferler \u0131\u015f\u0131\u011f\u0131nda en do\u011fru ve etkin insan kaynaklar\u0131 s\u00fcre\u00e7lerini y\u00fcr\u00fct\u00fcyoruz<\/p>\n\n\n\n<p>\u2022 Tecr\u00fcbeli, e\u011fitimli ve liyakatli insan kayna\u011f\u0131<\/p>\n\n\n\n<p>\u2022 Yo\u011fun \u0130\u00e7 E\u011fitim faaliyetleri<\/p>\n\n\n\n<p>\u2022 \u0130\u015f orta\u011f\u0131 \u00f6ncelikli kurum k\u00fclt\u00fcr\u00fc<\/p>\n\n\n\n<p>\u2022 Tan\u0131mlanm\u0131\u015f ve \u015feffaf i\u015fe al\u0131m s\u00fcreci<\/p>\n\n\n\n<p>\u2022 \u015eirketin en de\u011ferli varl\u0131\u011f\u0131 insan kaynaklar\u0131d\u0131r yakla\u015f\u0131m\u0131 \u00e7er\u00e7evesinde \u015firket politikalar\u0131 olu\u015fturulmas\u0131<br><\/p>\n","protected":false},"excerpt":{"rendered":"<p>\u0130nsan Kaynaklar\u0131 Sahip oldu\u011fumuz kurumsal de\u011ferler \u0131\u015f\u0131\u011f\u0131nda en do\u011fru ve etkin insan kaynaklar\u0131 s\u00fcre\u00e7lerini y\u00fcr\u00fct\u00fcyoruz \u2022 Tecr\u00fcbeli, e\u011fitimli ve liyakatli insan kayna\u011f\u0131 \u2022 Yo\u011fun \u0130\u00e7 E\u011fitim faaliyetleri \u2022 \u0130\u015f orta\u011f\u0131 \u00f6ncelikli kurum k\u00fclt\u00fcr\u00fc \u2022 Tan\u0131mlanm\u0131\u015f ve \u015feffaf i\u015fe al\u0131m s\u00fcreci \u2022 \u015eirketin en de\u011ferli varl\u0131\u011f\u0131 insan kaynaklar\u0131d\u0131r yakla\u015f\u0131m\u0131 \u00e7er\u00e7evesinde \u015firket politikalar\u0131 olu\u015fturulmas\u0131<\/p>\n","protected":false},"author":1,"featured_media":0,"parent":0,"menu_order":0,"comment_status":"closed","ping_status":"closed","template":"","meta":{"footnotes":""},"class_list":["post-381","page","type-page","status-publish","hentry"],"_links":{"self":[{"href":"http:\/\/esabilgisayar.com.tr\/index.php\/wp-json\/wp\/v2\/pages\/381","targetHints":{"allow":["GET"]}}],"collection":[{"href":"http:\/\/esabilgisayar.com.tr\/index.php\/wp-json\/wp\/v2\/pages"}],"about":[{"href":"http:\/\/esabilgisayar.com.tr\/index.php\/wp-json\/wp\/v2\/types\/page"}],"author":[{"embeddable":true,"href":"http:\/\/esabilgisayar.com.tr\/index.php\/wp-json\/wp\/v2\/users\/1"}],"replies":[{"embeddable":true,"href":"http:\/\/esabilgisayar.com.tr\/index.php\/wp-json\/wp\/v2\/comments?post=381"}],"version-history":[{"count":0,"href":"http:\/\/esabilgisayar.com.tr\/index.php\/wp-json\/wp\/v2\/pages\/381\/revisions"}],"wp:attachment":[{"href":"http:\/\/esabilgisayar.com.tr\/index.php\/wp-json\/wp\/v2\/media?parent=381"}],"curies":[{"name":"wp","href":"https:\/\/api.w.org\/{rel}","templated":true}]}}