{"id":372,"date":"2024-11-04T21:02:25","date_gmt":"2024-11-04T18:02:25","guid":{"rendered":"http:\/\/esabilgisayar.com.tr\/?page_id=372"},"modified":"2025-02-07T16:43:29","modified_gmt":"2025-02-07T13:43:29","slug":"kurumsal","status":"publish","type":"page","link":"http:\/\/esabilgisayar.com.tr\/index.php\/kurumsal\/","title":{"rendered":"Kurumsal"},"content":{"rendered":"<div class=\"wpb-content-wrapper\"><p>[vc_row][vc_column][vc_column_text]<div class=\"wp-block-image\"><\/p>\n<figure class=\"aligncenter is-resized\"><img decoding=\"async\" src=\"https:\/\/www.koyuncu.com.tr\/UserFiles\/AddedValue\/page-1png-95yn2u96wn.png\" alt=\"Finans\" style=\"width:182px;height:auto\"\/><\/figure>\n<p><\/div><br \/>\n<\/p>\n<h2 class=\"wp-block-heading has-colibri-color-1-color has-text-color has-link-color has-x-large-font-size wp-elements-5c34f2d89efea433518365429b0b5aa0\">Finans<\/h2>\n<p>G\u00fc\u00e7l\u00fc finansal altyap\u0131m\u0131z ile sat\u0131\u015f \u00f6ncesi, sat\u0131\u015f ve sat\u0131\u015f sonras\u0131nda i\u015f ortaklar\u0131m\u0131za ihtiya\u00e7 duyduklar\u0131 konularda destekler sunuyoruz<\/p>\n<p>\u2022 \u0130\u015f orta\u011f\u0131 limit de\u011ferlendirme ve kredilendirme<\/p>\n<p>\u2022 Kredi kart\u0131 taksitlendirilmesi<\/p>\n<p>\u2022 Uluslararas\u0131 sigorta \u015firketleri ile limit ba\u015fvurusu<\/p>\n<p>\u2022 Geni\u015f \u00fcr\u00fcn yelpazesi ile stok<\/p>\n<p><br \/>\n<div class=\"wp-block-image\"><\/p>\n<figure class=\"aligncenter\"><img decoding=\"async\" src=\"https:\/\/www.koyuncu.com.tr\/UserFiles\/AddedValue\/page-1png-xbz9rxqit7.png\" alt=\"E-Ticaret\"\/><\/figure>\n<p><\/div><br \/>\n<\/p>\n<h2 class=\"wp-block-heading has-colibri-color-1-color has-text-color has-link-color has-x-large-font-size wp-elements-efbb5bfeb5f48aefcb71279048bca954\">E-Ticaret<\/h2>\n<p>\u0130\u015f ortaklar\u0131m\u0131z\u0131n dijital kanallar \u00fczerinden rahatl\u0131kla ula\u015f\u0131labilecekleri bir e-ticaret a\u011f\u0131 i\u015fletiyoruz<\/p>\n<p>\u2022 Bayilik ba\u015fvurusu<\/p>\n<p>\u2022 Sipari\u015f olu\u015fturma<\/p>\n<p>\u2022 Stok takibi ve \u00f6zel fiyat g\u00f6r\u00fcnt\u00fcleme<\/p>\n<p>\u2022 Finansal durum takibi<\/p>\n<p>\u2022 Cari Hesap takibi<\/p>\n<p>\u2022 \u00d6zel kampanyalar<\/p>\n<p>\u2022 Detayl\u0131 \u00fcr\u00fcn \u00f6zellikleri<\/p>\n<p>\u2022 \u00dcr\u00fcn g\u00f6rselleri<\/p>\n<p>\u2022 Seri numaras\u0131 takibi<\/p>\n<p><br \/>\n<div class=\"wp-block-image\"><\/p>\n<figure class=\"aligncenter\"><img decoding=\"async\" src=\"https:\/\/www.koyuncu.com.tr\/UserFiles\/AddedValue\/page-1png-j7s2h80q3f.png\" alt=\"Destek\"\/><\/figure>\n<p><\/div><br \/>\n<\/p>\n<h2 class=\"wp-block-heading has-colibri-color-1-color has-text-color has-link-color has-x-large-font-size wp-elements-49304b502bb42b61f9a9ab82d0b42a7b\">Destek<\/h2>\n<p>M\u00fc\u015fteri odakl\u0131 hizmet ve servis yakla\u015f\u0131m\u0131m\u0131z ile ihtiya\u00e7 duyulan noktalarda h\u0131zl\u0131, pratik ve ula\u015f\u0131labilir sat\u0131\u015f sonras\u0131 servisler veriyoruz<\/p>\n<p>\u2022 Sat\u0131\u015f sonras\u0131 \u00fcr\u00fcn takibi<\/p>\n<p>\u2022 H\u0131zl\u0131 ar\u0131zal\u0131 takip prosed\u00fcr\u00fc<\/p>\n<p>\u2022 Garanti sorgulama<\/p>\n<p>\u2022 \u00c7a\u011fr\u0131 merkezi<\/p>\n<p>\u2022 Kaliteli tamir ve bak\u0131m hizmetleri<\/p>\n<p>\u2022 Yayg\u0131n servis a\u011f\u0131<\/p>\n<p><br \/>\n<div class=\"wp-block-image\"><\/p>\n<figure class=\"aligncenter\"><img decoding=\"async\" src=\"https:\/\/www.koyuncu.com.tr\/UserFiles\/AddedValue\/teamwork-1png-t5ybiurccl.png\" alt=\"Pazarlama\"\/><\/figure>\n<p><\/div><br \/>\n<\/p>\n<h2 class=\"wp-block-heading has-colibri-color-1-color has-text-color has-link-color has-x-large-font-size wp-elements-8381c6262a3261cbbfdc1275d194ff51\">Pazarlama<\/h2>\n<p>\u0130\u015f ortaklar\u0131m\u0131z\u0131n \u00fcr\u00fcnleri son kullan\u0131c\u0131lara daha iyi anlatabilmeleri i\u00e7in etkin pazarlama faaliyetleri d\u00fczenliyoruz<\/p>\n<p>\u2022 Fuar kat\u0131l\u0131mlar\u0131<\/p>\n<p>\u2022 Televizyon ve gazete reklamlar\u0131<\/p>\n<p>\u2022 Sosyal medya aktiviteleri<\/p>\n<p>\u2022 Sponsorluklar<\/p>\n<p>\u2022 E\u011fitimler<\/p>\n<p>\u2022 Dikey sekt\u00f6r \u00e7al\u0131\u015fmalar\u0131<\/p>\n<p>\u2022 Yurt i\u00e7i ve yurt d\u0131\u015f\u0131 seminerler<\/p>\n<p>\u2022 Perakende ve bayi noktalar\u0131nda aktiviteler<\/p>\n<p>\u2022 Sertifikasyon<\/p>\n<p>\u2022 Bayi gezileri<\/p>\n<p><br \/>\n<div class=\"wp-block-image\"><\/p>\n<figure class=\"aligncenter\"><img decoding=\"async\" src=\"https:\/\/www.koyuncu.com.tr\/UserFiles\/AddedValue\/deliverypng-549hq3qqxb.png\" alt=\"Lojistik\"\/><\/figure>\n<p><\/div><br \/>\n<\/p>\n<h2 class=\"wp-block-heading has-colibri-color-1-color has-text-color has-link-color has-x-large-font-size wp-elements-4d1fbbca8718026d2297c1003652b025\">Lojistik<\/h2>\n<p>G\u00fc\u00e7l\u00fc lojistik kapasitemiz ve \u00e7\u00f6z\u00fcm odakl\u0131 yakla\u015f\u0131m\u0131m\u0131z ile T\u00fcrkiye\u2019nin her yerine, en h\u0131zl\u0131 ve sorunsuz \u015fekilde ula\u015f\u0131m sa\u011flayan lojistik altyap\u0131 ile \u00e7al\u0131\u015f\u0131yoruz<\/p>\n<p>\u2022 \u0130stanbul i\u00e7in g\u00fcn i\u00e7i teslim<\/p>\n<p>\u2022 En kaliteli kargo \u015firketleri ile da\u011f\u0131t\u0131m<\/p>\n<p>\u2022 Anl\u0131k ara\u00e7 takibi<\/p>\n<p>\u2022 SAP yaz\u0131l\u0131m\u0131 ile etkin stok y\u00f6netimi<\/p>\n<p>\u2022 Sigorta<\/p>\n<p>\u2022 Antrepo<\/p>\n<p>\u2022 Geni\u015f sevkiyat filosu<\/p>\n<p><br \/>\n<div class=\"wp-block-image\"><\/p>\n<figure class=\"aligncenter\"><img decoding=\"async\" src=\"https:\/\/www.koyuncu.com.tr\/UserFiles\/AddedValue\/ikpng-9cli90xfft.png\" alt=\"\u0130nsan Kaynaklar\u0131\"\/><\/figure>\n<p><\/div><br \/>\n<\/p>\n<h2 class=\"wp-block-heading has-colibri-color-1-color has-text-color has-link-color has-x-large-font-size wp-elements-0044c596994b15d62569f8b4eb9eb125\">\u0130nsan Kaynaklar\u0131<\/h2>\n<p>Sahip oldu\u011fumuz kurumsal de\u011ferler \u0131\u015f\u0131\u011f\u0131nda en do\u011fru ve etkin insan kaynaklar\u0131 s\u00fcre\u00e7lerini y\u00fcr\u00fct\u00fcyoruz<\/p>\n<p>\u2022 Tecr\u00fcbeli, e\u011fitimli ve liyakatli insan kayna\u011f\u0131<\/p>\n<p>\u2022 Yo\u011fun \u0130\u00e7 E\u011fitim faaliyetleri<\/p>\n<p>\u2022 \u0130\u015f orta\u011f\u0131 \u00f6ncelikli kurum k\u00fclt\u00fcr\u00fc<\/p>\n<p>\u2022 Tan\u0131mlanm\u0131\u015f ve \u015feffaf i\u015fe al\u0131m s\u00fcreci<\/p>\n<p>\u2022 \u015eirketin en de\u011ferli varl\u0131\u011f\u0131 insan kaynaklar\u0131d\u0131r yakla\u015f\u0131m\u0131 \u00e7er\u00e7evesinde \u015firket politikalar\u0131 olu\u015fturulmas\u0131<\/p>\n<p>[\/vc_column_text][\/vc_column][\/vc_row]<\/p>\n<\/div>","protected":false},"excerpt":{"rendered":"<p>[vc_row][vc_column][vc_column_text] Finans G\u00fc\u00e7l\u00fc finansal altyap\u0131m\u0131z ile sat\u0131\u015f \u00f6ncesi, sat\u0131\u015f ve sat\u0131\u015f sonras\u0131nda i\u015f ortaklar\u0131m\u0131za ihtiya\u00e7 duyduklar\u0131 konularda destekler sunuyoruz \u2022 \u0130\u015f orta\u011f\u0131 limit de\u011ferlendirme ve kredilendirme \u2022 Kredi kart\u0131 taksitlendirilmesi \u2022 Uluslararas\u0131 sigorta \u015firketleri ile limit ba\u015fvurusu \u2022 Geni\u015f \u00fcr\u00fcn yelpazesi ile stok E-Ticaret \u0130\u015f ortaklar\u0131m\u0131z\u0131n dijital kanallar \u00fczerinden rahatl\u0131kla ula\u015f\u0131labilecekleri bir e-ticaret a\u011f\u0131 i\u015fletiyoruz [&hellip;]<\/p>\n","protected":false},"author":1,"featured_media":0,"parent":0,"menu_order":0,"comment_status":"closed","ping_status":"closed","template":"","meta":{"footnotes":""},"class_list":["post-372","page","type-page","status-publish","hentry"],"_links":{"self":[{"href":"http:\/\/esabilgisayar.com.tr\/index.php\/wp-json\/wp\/v2\/pages\/372","targetHints":{"allow":["GET"]}}],"collection":[{"href":"http:\/\/esabilgisayar.com.tr\/index.php\/wp-json\/wp\/v2\/pages"}],"about":[{"href":"http:\/\/esabilgisayar.com.tr\/index.php\/wp-json\/wp\/v2\/types\/page"}],"author":[{"embeddable":true,"href":"http:\/\/esabilgisayar.com.tr\/index.php\/wp-json\/wp\/v2\/users\/1"}],"replies":[{"embeddable":true,"href":"http:\/\/esabilgisayar.com.tr\/index.php\/wp-json\/wp\/v2\/comments?post=372"}],"version-history":[{"count":0,"href":"http:\/\/esabilgisayar.com.tr\/index.php\/wp-json\/wp\/v2\/pages\/372\/revisions"}],"wp:attachment":[{"href":"http:\/\/esabilgisayar.com.tr\/index.php\/wp-json\/wp\/v2\/media?parent=372"}],"curies":[{"name":"wp","href":"https:\/\/api.w.org\/{rel}","templated":true}]}}