{"id":331,"date":"2024-11-04T19:19:35","date_gmt":"2024-11-04T16:19:35","guid":{"rendered":"http:\/\/esabilgisayar.com.tr\/?page_id=331"},"modified":"2024-11-04T19:19:35","modified_gmt":"2024-11-04T16:19:35","slug":"sunucu-ve-veri-depolama-urun-hizmetleri","status":"publish","type":"page","link":"http:\/\/esabilgisayar.com.tr\/index.php\/sunucu-ve-veri-depolama-urun-hizmetleri\/","title":{"rendered":"Sunucu ve Veri Depolama \u00dcr\u00fcn Hizmetleri"},"content":{"rendered":"\n<h1 class=\"wp-block-heading has-text-align-center has-colibri-color-1-color has-text-color has-link-color wp-elements-0f240da3fc760b88fccf2bc0c7558bf8\">Sunucu ve Veri Depolama \u00dcr\u00fcn Hizmetleri<\/h1>\n\n\n\n<p>Dijital \u00e7a\u011fda, i\u015fletmelerin ba\u015far\u0131s\u0131 verilerin etkili bir \u015fekilde y\u00f6netimine dayan\u0131r. Sunucu ve veri depolama \u00e7\u00f6z\u00fcmleri, i\u015f s\u00fcreklili\u011fi ve veri g\u00fcvenli\u011fi i\u00e7in temel \u00f6neme sahiptir. Esa Bilgiayar, g\u00fc\u00e7l\u00fc altyap\u0131s\u0131 ve uzman ekibi ile i\u015fletmelerin veri y\u00f6netimini en \u00fcst seviyeye ta\u015f\u0131r.<\/p>\n\n\n\n<p><strong>\u00d6zelle\u015ftirilmi\u015f Sunucu Kurulumu ve Entegrasyonu<\/strong><\/p>\n\n\n\n<p>Esa Bilgiayar, i\u015fletmenizin ihtiya\u00e7lar\u0131na uygun, \u00f6zelle\u015ftirilmi\u015f sunucu \u00e7\u00f6z\u00fcmleri sunar. Uzman ekibimiz, en verimli yap\u0131y\u0131 olu\u015fturarak i\u015f ak\u0131\u015f\u0131n\u0131z\u0131 kesintiye u\u011fratmaz.<\/p>\n\n\n\n<p><strong>Veri Depolama ve Yedekleme \u00c7\u00f6z\u00fcmleri<\/strong><\/p>\n\n\n\n<p>Veri kayb\u0131n\u0131 \u00f6nlemek i\u00e7in g\u00fcvenilir ve h\u0131zl\u0131 veri depolama \u00e7\u00f6z\u00fcmlerimiz ile i\u015fletmenizin verilerini koruruz. Ayr\u0131ca, d\u00fczenli yedekleme stratejileri ile veri g\u00fcvenli\u011fini sa\u011flar\u0131z.<\/p>\n\n\n\n<p><strong>Performans \u0130yile\u015ftirmesi ve Optimizasyon<\/strong><\/p>\n\n\n\n<p>Varolan sunucu altyap\u0131n\u0131z\u0131 de\u011ferlendirir ve performans\u0131 art\u0131rmak i\u00e7in gerekli optimizasyonlar\u0131 yapar\u0131z. Bu sayede i\u015f s\u00fcre\u00e7leriniz daha h\u0131zl\u0131 ve verimli \u00e7al\u0131\u015f\u0131r.<\/p>\n\n\n\n<p><strong>G\u00fcvenlik ve S\u0131zma Testleri<\/strong><\/p>\n\n\n\n<p>Veri g\u00fcvenli\u011fi g\u00fcn\u00fcm\u00fczde kritik bir konudur. Esa Bilgiayar, g\u00fcvenlik uzmanlar\u0131 ile sistemlerinizi s\u0131zma testlerine tabi tutarak olas\u0131 zay\u0131fl\u0131klar\u0131 tespit eder ve g\u00fcvende oldu\u011funuzdan emin olur.<\/p>\n\n\n\n<p>\u0130\u015fletmenizin verileri, en de\u011ferli varl\u0131klar\u0131n\u0131zd\u0131r. Esa Bilgiayar, g\u00fc\u00e7l\u00fc altyap\u0131s\u0131 ve uzman kadrosu ile sunucu ve veri depolama hizmetlerinde lider konumda bulunmaktad\u0131r. Bizimle ileti\u015fime ge\u00e7in ve verilerinizin g\u00fcvende oldu\u011fundan emin olun.<\/p>\n","protected":false},"excerpt":{"rendered":"<p>Sunucu ve Veri Depolama \u00dcr\u00fcn Hizmetleri Dijital \u00e7a\u011fda, i\u015fletmelerin ba\u015far\u0131s\u0131 verilerin etkili bir \u015fekilde y\u00f6netimine dayan\u0131r. Sunucu ve veri depolama \u00e7\u00f6z\u00fcmleri, i\u015f s\u00fcreklili\u011fi ve veri g\u00fcvenli\u011fi i\u00e7in temel \u00f6neme sahiptir. Esa Bilgiayar, g\u00fc\u00e7l\u00fc altyap\u0131s\u0131 ve uzman ekibi ile i\u015fletmelerin veri y\u00f6netimini en \u00fcst seviyeye ta\u015f\u0131r. \u00d6zelle\u015ftirilmi\u015f Sunucu Kurulumu ve Entegrasyonu Esa Bilgiayar, i\u015fletmenizin ihtiya\u00e7lar\u0131na uygun, [&hellip;]<\/p>\n","protected":false},"author":1,"featured_media":0,"parent":0,"menu_order":0,"comment_status":"closed","ping_status":"closed","template":"","meta":{"footnotes":""},"class_list":["post-331","page","type-page","status-publish","hentry"],"_links":{"self":[{"href":"http:\/\/esabilgisayar.com.tr\/index.php\/wp-json\/wp\/v2\/pages\/331","targetHints":{"allow":["GET"]}}],"collection":[{"href":"http:\/\/esabilgisayar.com.tr\/index.php\/wp-json\/wp\/v2\/pages"}],"about":[{"href":"http:\/\/esabilgisayar.com.tr\/index.php\/wp-json\/wp\/v2\/types\/page"}],"author":[{"embeddable":true,"href":"http:\/\/esabilgisayar.com.tr\/index.php\/wp-json\/wp\/v2\/users\/1"}],"replies":[{"embeddable":true,"href":"http:\/\/esabilgisayar.com.tr\/index.php\/wp-json\/wp\/v2\/comments?post=331"}],"version-history":[{"count":0,"href":"http:\/\/esabilgisayar.com.tr\/index.php\/wp-json\/wp\/v2\/pages\/331\/revisions"}],"wp:attachment":[{"href":"http:\/\/esabilgisayar.com.tr\/index.php\/wp-json\/wp\/v2\/media?parent=331"}],"curies":[{"name":"wp","href":"https:\/\/api.w.org\/{rel}","templated":true}]}}