{"id":327,"date":"2024-11-04T19:15:19","date_gmt":"2024-11-04T16:15:19","guid":{"rendered":"http:\/\/esabilgisayar.com.tr\/?page_id=327"},"modified":"2024-11-04T19:15:20","modified_gmt":"2024-11-04T16:15:20","slug":"network-urun-hizmetleri","status":"publish","type":"page","link":"http:\/\/esabilgisayar.com.tr\/index.php\/network-urun-hizmetleri\/","title":{"rendered":"Network \u00dcr\u00fcn Hizmetleri"},"content":{"rendered":"\n<h1 class=\"wp-block-heading has-text-align-center has-colibri-color-1-color has-text-color has-link-color wp-elements-620121f2811f305ea221e617bd80a406\">Aktif ve Pasif Network \u00dcr\u00fcn Hizmetleri<\/h1>\n\n\n\n<p>Dijital d\u00fcnyan\u0131n vazge\u00e7ilmezi olan ileti\u015fim, i\u015fletmeler i\u00e7in kritik \u00f6neme sahiptir. Bu noktada, g\u00fcvenilir ve verimli bir a\u011f altyap\u0131s\u0131, i\u015f s\u00fcreklili\u011fi ve performans i\u00e7in hayati \u00f6nem ta\u015f\u0131r. Esa Bilgisayar, aktif ve pasif network \u00fcr\u00fcn hizmetleriyle, kesintisiz ba\u011flant\u0131lar ve g\u00fc\u00e7l\u00fc ileti\u015fim sa\u011flar.<\/p>\n\n\n\n<p><strong>Aktif Network \u00dcr\u00fcnleri Entegrasyonu<\/strong><\/p>\n\n\n\n<p>Esa Bilgisayar, en yeni aktif network \u00fcr\u00fcnlerini i\u015fletmenizin ihtiya\u00e7lar\u0131na g\u00f6re entegre eder. B\u00f6ylece, y\u00fcksek performansl\u0131 ve g\u00fcvenilir bir a\u011f altyap\u0131s\u0131na sahip olursunuz.<\/p>\n\n\n\n<p><strong>Pasif Network \u00dcr\u00fcnleri Temini ve Kurulumu<\/strong><\/p>\n\n\n\n<p>Verimli bir a\u011f\u0131n temelini pasif network \u00fcr\u00fcnleri olu\u015fturur. Esa Bilgisayar, kaliteli ve uygun fiyatl\u0131 pasif network \u00fcr\u00fcnleri sa\u011flar ve uzman ekibi ile kurulumunu ger\u00e7ekle\u015ftirir.<\/p>\n\n\n\n<p><strong>A\u011f Performans Analizi ve Optimizasyonu<\/strong><\/p>\n\n\n\n<p>Varolan a\u011f altyap\u0131n\u0131z\u0131n performans\u0131n\u0131 de\u011ferlendirir ve en iyi verimlili\u011fi sa\u011flamak i\u00e7in gerekli optimizasyonlar\u0131 yapar\u0131z.<\/p>\n\n\n\n<p><strong>A\u011f G\u00fcvenli\u011fi \u00c7\u00f6z\u00fcmleri<\/strong><\/p>\n\n\n\n<p>Veri g\u00fcvenli\u011fi g\u00fcn\u00fcm\u00fczde kritik bir konudur. Esa Bilgisayar, g\u00fcvenlik uzmanlar\u0131 ile a\u011f\u0131n\u0131z\u0131 analiz eder ve olas\u0131 g\u00fcvenlik zay\u0131fl\u0131klar\u0131n\u0131 tespit ederek \u00e7\u00f6z\u00fcm \u00f6nerileri sunar.<\/p>\n\n\n\n<p>\u0130\u015fletmenizin ileti\u015fimi, a\u011f altyap\u0131s\u0131n\u0131n kalitesi ile ba\u015flar. Esa Bilgisayar, uzman kadrosu ve cutting-edge teknolojisi ile aktif ve pasif network \u00fcr\u00fcn hizmetlerinde lider konumda bulunmaktad\u0131r. Bizimle ileti\u015fime ge\u00e7in ve g\u00fc\u00e7l\u00fc ileti\u015fimin keyfini \u00e7\u0131kar\u0131n.<\/p>\n","protected":false},"excerpt":{"rendered":"<p>Aktif ve Pasif Network \u00dcr\u00fcn Hizmetleri Dijital d\u00fcnyan\u0131n vazge\u00e7ilmezi olan ileti\u015fim, i\u015fletmeler i\u00e7in kritik \u00f6neme sahiptir. Bu noktada, g\u00fcvenilir ve verimli bir a\u011f altyap\u0131s\u0131, i\u015f s\u00fcreklili\u011fi ve performans i\u00e7in hayati \u00f6nem ta\u015f\u0131r. Esa Bilgisayar, aktif ve pasif network \u00fcr\u00fcn hizmetleriyle, kesintisiz ba\u011flant\u0131lar ve g\u00fc\u00e7l\u00fc ileti\u015fim sa\u011flar. Aktif Network \u00dcr\u00fcnleri Entegrasyonu Esa Bilgisayar, en yeni aktif [&hellip;]<\/p>\n","protected":false},"author":1,"featured_media":0,"parent":0,"menu_order":0,"comment_status":"closed","ping_status":"closed","template":"","meta":{"footnotes":""},"class_list":["post-327","page","type-page","status-publish","hentry"],"_links":{"self":[{"href":"http:\/\/esabilgisayar.com.tr\/index.php\/wp-json\/wp\/v2\/pages\/327","targetHints":{"allow":["GET"]}}],"collection":[{"href":"http:\/\/esabilgisayar.com.tr\/index.php\/wp-json\/wp\/v2\/pages"}],"about":[{"href":"http:\/\/esabilgisayar.com.tr\/index.php\/wp-json\/wp\/v2\/types\/page"}],"author":[{"embeddable":true,"href":"http:\/\/esabilgisayar.com.tr\/index.php\/wp-json\/wp\/v2\/users\/1"}],"replies":[{"embeddable":true,"href":"http:\/\/esabilgisayar.com.tr\/index.php\/wp-json\/wp\/v2\/comments?post=327"}],"version-history":[{"count":0,"href":"http:\/\/esabilgisayar.com.tr\/index.php\/wp-json\/wp\/v2\/pages\/327\/revisions"}],"wp:attachment":[{"href":"http:\/\/esabilgisayar.com.tr\/index.php\/wp-json\/wp\/v2\/media?parent=327"}],"curies":[{"name":"wp","href":"https:\/\/api.w.org\/{rel}","templated":true}]}}