{"id":129,"date":"2022-03-22T09:51:17","date_gmt":"2022-03-22T09:51:17","guid":{"rendered":"http:\/\/esabilgisayar.com.tr\/?page_id=129"},"modified":"2024-11-15T22:23:58","modified_gmt":"2024-11-15T19:23:58","slug":"iletisim","status":"publish","type":"page","link":"http:\/\/esabilgisayar.com.tr\/index.php\/iletisim\/","title":{"rendered":"\u0130leti\u015fim"},"content":{"rendered":"\n<p><strong>ESA B\u0130LG\u0130SAYAR SAN. VE T\u0130C. LTD. \u015eT\u0130.<\/strong><\/p>\n\n\n\n<p>\u0130nk\u0131lap Mh. K\u00fc\u00e7\u00fcksu Cd. Kent Plaza C Blok No:109\/25 Kat:6<\/p>\n\n\n\n<p>\u00dcmraniye\u00a0 34768 \u0130stanbul<\/p>\n\n\n\n<p>0850 259 45 50 Pbx<\/p>\n\n\n\n<p>esa@esabilgisayar.com.tr<\/p>\n\n\n\n<p><\/p>\n\n\n\n<p><\/p>\n","protected":false},"excerpt":{"rendered":"<p>ESA B\u0130LG\u0130SAYAR SAN. VE T\u0130C. LTD. \u015eT\u0130. \u0130nk\u0131lap Mh. K\u00fc\u00e7\u00fcksu Cd. Kent Plaza C Blok No:109\/25 Kat:6 \u00dcmraniye\u00a0 34768 \u0130stanbul 0850 259 45 50 Pbx esa@esabilgisayar.com.tr<\/p>\n","protected":false},"author":1,"featured_media":0,"parent":0,"menu_order":0,"comment_status":"open","ping_status":"closed","template":"","meta":{"footnotes":""},"class_list":["post-129","page","type-page","status-publish","hentry"],"_links":{"self":[{"href":"http:\/\/esabilgisayar.com.tr\/index.php\/wp-json\/wp\/v2\/pages\/129","targetHints":{"allow":["GET"]}}],"collection":[{"href":"http:\/\/esabilgisayar.com.tr\/index.php\/wp-json\/wp\/v2\/pages"}],"about":[{"href":"http:\/\/esabilgisayar.com.tr\/index.php\/wp-json\/wp\/v2\/types\/page"}],"author":[{"embeddable":true,"href":"http:\/\/esabilgisayar.com.tr\/index.php\/wp-json\/wp\/v2\/users\/1"}],"replies":[{"embeddable":true,"href":"http:\/\/esabilgisayar.com.tr\/index.php\/wp-json\/wp\/v2\/comments?post=129"}],"version-history":[{"count":0,"href":"http:\/\/esabilgisayar.com.tr\/index.php\/wp-json\/wp\/v2\/pages\/129\/revisions"}],"wp:attachment":[{"href":"http:\/\/esabilgisayar.com.tr\/index.php\/wp-json\/wp\/v2\/media?parent=129"}],"curies":[{"name":"wp","href":"https:\/\/api.w.org\/{rel}","templated":true}]}}